{"id":8370,"date":"2021-06-17T06:46:38","date_gmt":"2021-06-17T05:46:38","guid":{"rendered":"https:\/\/see-the-big-picture.com\/?page_id=8370"},"modified":"2021-06-17T12:00:52","modified_gmt":"2021-06-17T11:00:52","slug":"newsletter","status":"publish","type":"page","link":"https:\/\/see-the-big-picture.com\/de\/newsletter\/","title":{"rendered":"Newsletter"},"content":{"rendered":"\t\t<div data-elementor-type=\"wp-page\" data-elementor-id=\"8370\" class=\"elementor elementor-8370 elementor-8342\">\n\t\t\t\t\t\t<section class=\"elementor-section elementor-top-section elementor-element elementor-element-f4416c1 elementor-section-boxed elementor-section-height-default elementor-section-height-default\" data-id=\"f4416c1\" data-element_type=\"section\" data-e-type=\"section\">\n\t\t\t\t\t\t<div class=\"elementor-container elementor-column-gap-default\">\n\t\t\t\t\t<div class=\"elementor-column elementor-col-100 elementor-top-column elementor-element elementor-element-f06c8c8\" data-id=\"f06c8c8\" data-element_type=\"column\" data-e-type=\"column\">\n\t\t\t<div class=\"elementor-widget-wrap elementor-element-populated\">\n\t\t\t\t\t\t<div class=\"elementor-element elementor-element-18359da elementor-widget elementor-widget-heading\" data-id=\"18359da\" data-element_type=\"widget\" data-e-type=\"widget\" data-widget_type=\"heading.default\">\n\t\t\t\t<div class=\"elementor-widget-container\">\n\t\t\t\t\t<h6 class=\"elementor-heading-title elementor-size-default\">Newsletter<\/h6>\t\t\t\t<\/div>\n\t\t\t\t<\/div>\n\t\t\t\t\t<\/div>\n\t\t<\/div>\n\t\t\t\t\t<\/div>\n\t\t<\/section>\n\t\t\t\t<section class=\"elementor-section elementor-top-section elementor-element elementor-element-27979e1 elementor-section-boxed elementor-section-height-default elementor-section-height-default\" data-id=\"27979e1\" data-element_type=\"section\" data-e-type=\"section\">\n\t\t\t\t\t\t<div class=\"elementor-container elementor-column-gap-default\">\n\t\t\t\t\t<div class=\"elementor-column elementor-col-100 elementor-top-column elementor-element elementor-element-949eac6\" data-id=\"949eac6\" data-element_type=\"column\" data-e-type=\"column\">\n\t\t\t<div class=\"elementor-widget-wrap elementor-element-populated\">\n\t\t\t\t\t\t<div class=\"elementor-element elementor-element-ad105e0 elementor-widget elementor-widget-heading\" data-id=\"ad105e0\" data-element_type=\"widget\" data-e-type=\"widget\" data-widget_type=\"heading.default\">\n\t\t\t\t<div class=\"elementor-widget-container\">\n\t\t\t\t\t<h5 class=\"elementor-heading-title elementor-size-default\">Dein Posteingang liebt Kunst<\/h5>\t\t\t\t<\/div>\n\t\t\t\t<\/div>\n\t\t\t\t\t<\/div>\n\t\t<\/div>\n\t\t\t\t\t<\/div>\n\t\t<\/section>\n\t\t\t\t<section class=\"elementor-section elementor-top-section elementor-element elementor-element-2519c1ab elementor-section-content-middle elementor-section-boxed elementor-section-height-default elementor-section-height-default\" data-id=\"2519c1ab\" data-element_type=\"section\" data-e-type=\"section\" data-settings=\"{&quot;background_background&quot;:&quot;classic&quot;}\">\n\t\t\t\t\t\t<div class=\"elementor-container elementor-column-gap-no\">\n\t\t\t\t\t<div class=\"elementor-column elementor-col-100 elementor-top-column elementor-element elementor-element-39e621c4\" data-id=\"39e621c4\" data-element_type=\"column\" data-e-type=\"column\" data-settings=\"{&quot;background_background&quot;:&quot;classic&quot;}\">\n\t\t\t<div class=\"elementor-widget-wrap elementor-element-populated\">\n\t\t\t\t\t\t<div class=\"elementor-element elementor-element-68ce699 elementor-widget elementor-widget-html\" data-id=\"68ce699\" data-element_type=\"widget\" data-e-type=\"widget\" data-widget_type=\"html.default\">\n\t\t\t\t<div class=\"elementor-widget-container\">\n\t\t\t\t\t<!-- Begin Mailchimp Signup Form -->\r\n<link href=\"\/\/cdn-images.mailchimp.com\/embedcode\/classic-10_7.css\" rel=\"stylesheet\" type=\"text\/css\">\r\n<style type=\"text\/css\">\r\n\t#mc_embed_signup{background:#fff; clear:left; font:14px Helvetica,Arial,sans-serif; }\r\n\t\/* Add your own Mailchimp form style overrides in your site stylesheet or in this style block.\r\n\t   We recommend moving this block and the preceding CSS link to the HEAD of your HTML file. *\/\r\n<\/style>\r\n<div id=\"mc_embed_signup\">\r\n<form action=\"https:\/\/see-the-big-picture.us11.list-manage.com\/subscribe\/post?u=9f4dfc03ef87a64a2d988a2e8&amp;id=bd9900bc4a\" method=\"post\" id=\"mc-embedded-subscribe-form\" name=\"mc-embedded-subscribe-form\" class=\"validate\" target=\"_blank\" novalidate>\r\n    <div id=\"mc_embed_signup_scroll\">\r\n\t<h2>Anmelden<\/h2>\r\n<div class=\"indicates-required\"><span class=\"asterisk\">*<\/span>Pflichtfeld<\/div>\r\n<div class=\"mc-field-group\">\r\n\t<label for=\"mce-FNAME\">Vorname  <span class=\"asterisk\">*<\/span>\r\n<\/label>\r\n\t<input type=\"text\" value=\"\" name=\"FNAME\" class=\"required\" id=\"mce-FNAME\">\r\n<\/div>\r\n<div class=\"mc-field-group\">\r\n\t<label for=\"mce-LNAME\">Nachame  <span class=\"asterisk\">*<\/span>\r\n<\/label>\r\n\t<input type=\"text\" value=\"\" name=\"LNAME\" class=\"required\" id=\"mce-LNAME\">\r\n<\/div>\r\n<div class=\"mc-field-group\">\r\n\t<label for=\"mce-EMAIL\">Email  <span class=\"asterisk\">*<\/span>\r\n<\/label>\r\n\t<input type=\"email\" value=\"\" name=\"EMAIL\" class=\"required email\" id=\"mce-EMAIL\">\r\n<\/div>\r\n\t<div id=\"mce-responses\" class=\"clear\">\r\n\t\t<div class=\"response\" id=\"mce-error-response\" style=\"display:none\"><\/div>\r\n\t\t<div class=\"response\" id=\"mce-success-response\" style=\"display:none\"><\/div>\r\n\t<\/div>    <!-- real people should not fill this in and expect good things - do not remove this or risk form bot signups-->\r\n    <div style=\"position: absolute; left: -5000px;\" aria-hidden=\"true\"><input type=\"text\" name=\"b_9f4dfc03ef87a64a2d988a2e8_bd9900bc4a\" tabindex=\"-1\" value=\"\"><\/div>\r\n    <div class=\"clear\"><input type=\"submit\" value=\"Anmelden\" name=\"subscribe\" id=\"mc-embedded-subscribe\" class=\"button\"><\/div>\r\n    <\/div>\r\n<\/form>\r\n<\/div>\r\n<script type='text\/javascript' src='\/\/s3.amazonaws.com\/downloads.mailchimp.com\/js\/mc-validate.js'><\/script><script type='text\/javascript'>(function($) {window.fnames = new Array(); window.ftypes = new Array();fnames[1]='FNAME';ftypes[1]='text';fnames[2]='LNAME';ftypes[2]='text';fnames[0]='EMAIL';ftypes[0]='email'; \/*\r\n * Translated default messages for the $ validation plugin.\r\n * Locale: DE\r\n *\/\r\n$.extend($.validator.messages, {\r\n\trequired: \"Dieses Feld ist ein Pflichtfeld.\",\r\n\tmaxlength: $.validator.format(\"Geben Sie bitte maximal {0} Zeichen ein.\"),\r\n\tminlength: $.validator.format(\"Geben Sie bitte mindestens {0} Zeichen ein.\"),\r\n\trangelength: $.validator.format(\"Geben Sie bitte mindestens {0} und maximal {1} Zeichen ein.\"),\r\n\temail: \"Geben Sie bitte eine g\u00fcltige E-Mail Adresse ein.\",\r\n\turl: \"Geben Sie bitte eine g\u00fcltige URL ein.\",\r\n\tdate: \"Bitte geben Sie ein g\u00fcltiges Datum ein.\",\r\n\tnumber: \"Geben Sie bitte eine Nummer ein.\",\r\n\tdigits: \"Geben Sie bitte nur Ziffern ein.\",\r\n\tequalTo: \"Bitte denselben Wert wiederholen.\",\r\n\trange: $.validator.format(\"Geben Sie bitten einen Wert zwischen {0} und {1}.\"),\r\n\tmax: $.validator.format(\"Geben Sie bitte einen Wert kleiner oder gleich {0} ein.\"),\r\n\tmin: $.validator.format(\"Geben Sie bitte einen Wert gr\u00f6\u00dfer oder gleich {0} ein.\"),\r\n\tcreditcard: \"Geben Sie bitte ein g\u00fcltige Kreditkarten-Nummer ein.\"\r\n});}(jQuery));var $mcj = jQuery.noConflict(true);<\/script>\r\n<!--End mc_embed_signup-->\t\t\t\t<\/div>\n\t\t\t\t<\/div>\n\t\t\t\t\t<\/div>\n\t\t<\/div>\n\t\t\t\t\t<\/div>\n\t\t<\/section>\n\t\t\t\t<\/div>\n\t\t","protected":false},"excerpt":{"rendered":"<p>Newsletter Dein Posteingang liebt Kunst Anmelden *Pflichtfeld Vorname * Nachame * Email *<\/p>\n","protected":false},"author":1,"featured_media":8344,"parent":0,"menu_order":0,"comment_status":"closed","ping_status":"closed","template":"","meta":{"give_campaign_id":0,"footnotes":""},"class_list":["post-8370","page","type-page","status-publish","has-post-thumbnail","hentry"],"yoast_head":"<!-- This site is optimized with the Yoast SEO plugin v27.5 - https:\/\/yoast.com\/product\/yoast-seo-wordpress\/ -->\n<title>See the Big Picture - Newsletter<\/title>\n<meta name=\"description\" content=\"Bleibe mit unserem Newsletter auf dem Laufenden und geh\u00f6re zu den Ersten, die neue Mitglieder in der Community von See the Big Picture begr\u00fc\u00dfen k\u00f6nnen. Melde dich jetzt an.\" \/>\n<meta name=\"robots\" content=\"index, follow, max-snippet:-1, max-image-preview:large, max-video-preview:-1\" \/>\n<link rel=\"canonical\" href=\"https:\/\/see-the-big-picture.com\/de\/newsletter\/\" \/>\n<meta property=\"og:locale\" content=\"de_DE\" \/>\n<meta property=\"og:type\" content=\"article\" \/>\n<meta property=\"og:title\" content=\"See the Big Picture - Newsletter\" \/>\n<meta property=\"og:description\" content=\"Bleibe mit unserem Newsletter auf dem Laufenden und geh\u00f6re zu den Ersten, die neue Mitglieder in der Community von See the Big Picture begr\u00fc\u00dfen k\u00f6nnen. Melde dich jetzt an.\" \/>\n<meta property=\"og:url\" content=\"https:\/\/see-the-big-picture.com\/de\/newsletter\/\" \/>\n<meta property=\"og:site_name\" content=\"See the Big Picture\" \/>\n<meta property=\"article:publisher\" content=\"https:\/\/www.facebook.com\/jointhebigpicture\/\" \/>\n<meta property=\"article:modified_time\" content=\"2021-06-17T11:00:52+00:00\" \/>\n<meta property=\"og:image\" content=\"https:\/\/see-the-big-picture.com\/wp-content\/uploads\/see_the_big_picture_newsletter_web.jpg\" \/>\n<meta name=\"twitter:card\" content=\"summary_large_image\" \/>\n<meta name=\"twitter:title\" content=\"See the Big Picture - Newsletter\" \/>\n<meta name=\"twitter:description\" content=\"Bleibe mit unserem Newsletter auf dem Laufenden und geh\u00f6re zu den Ersten, die neue Mitglieder in der Community von See the Big Picture begr\u00fc\u00dfen k\u00f6nnen. Melde dich jetzt an.\" \/>\n<meta name=\"twitter:image\" content=\"https:\/\/see-the-big-picture.com\/wp-content\/uploads\/see_the_big_picture_newsletter_web.jpg\" \/>\n<meta name=\"twitter:site\" content=\"@jointhepicture\" \/>\n<meta name=\"twitter:label1\" content=\"Gesch\u00e4tzte Lesezeit\" \/>\n\t<meta name=\"twitter:data1\" content=\"1\u00a0Minute\" \/>\n<script type=\"application\/ld+json\" class=\"yoast-schema-graph\">{\"@context\":\"https:\\\/\\\/schema.org\",\"@graph\":[{\"@type\":\"WebPage\",\"@id\":\"https:\\\/\\\/see-the-big-picture.com\\\/de\\\/newsletter\\\/\",\"url\":\"https:\\\/\\\/see-the-big-picture.com\\\/de\\\/newsletter\\\/\",\"name\":\"See the Big Picture - Newsletter\",\"isPartOf\":{\"@id\":\"https:\\\/\\\/see-the-big-picture.com\\\/de\\\/#website\"},\"primaryImageOfPage\":{\"@id\":\"https:\\\/\\\/see-the-big-picture.com\\\/de\\\/newsletter\\\/#primaryimage\"},\"image\":{\"@id\":\"https:\\\/\\\/see-the-big-picture.com\\\/de\\\/newsletter\\\/#primaryimage\"},\"thumbnailUrl\":\"https:\\\/\\\/see-the-big-picture.com\\\/wp-content\\\/uploads\\\/see_the_big_picture_newsletter_web.jpg\",\"datePublished\":\"2021-06-17T05:46:38+00:00\",\"dateModified\":\"2021-06-17T11:00:52+00:00\",\"description\":\"Bleibe mit unserem Newsletter auf dem Laufenden und geh\u00f6re zu den Ersten, die neue Mitglieder in der Community von See the Big Picture begr\u00fc\u00dfen k\u00f6nnen. Melde dich jetzt an.\",\"breadcrumb\":{\"@id\":\"https:\\\/\\\/see-the-big-picture.com\\\/de\\\/newsletter\\\/#breadcrumb\"},\"inLanguage\":\"de\",\"potentialAction\":[{\"@type\":\"ReadAction\",\"target\":[\"https:\\\/\\\/see-the-big-picture.com\\\/de\\\/newsletter\\\/\"]}]},{\"@type\":\"ImageObject\",\"inLanguage\":\"de\",\"@id\":\"https:\\\/\\\/see-the-big-picture.com\\\/de\\\/newsletter\\\/#primaryimage\",\"url\":\"https:\\\/\\\/see-the-big-picture.com\\\/wp-content\\\/uploads\\\/see_the_big_picture_newsletter_web.jpg\",\"contentUrl\":\"https:\\\/\\\/see-the-big-picture.com\\\/wp-content\\\/uploads\\\/see_the_big_picture_newsletter_web.jpg\",\"width\":1366,\"height\":768},{\"@type\":\"BreadcrumbList\",\"@id\":\"https:\\\/\\\/see-the-big-picture.com\\\/de\\\/newsletter\\\/#breadcrumb\",\"itemListElement\":[{\"@type\":\"ListItem\",\"position\":1,\"name\":\"Home\",\"item\":\"https:\\\/\\\/see-the-big-picture.com\\\/de\\\/home-2\\\/\"},{\"@type\":\"ListItem\",\"position\":2,\"name\":\"Newsletter\"}]},{\"@type\":\"WebSite\",\"@id\":\"https:\\\/\\\/see-the-big-picture.com\\\/de\\\/#website\",\"url\":\"https:\\\/\\\/see-the-big-picture.com\\\/de\\\/\",\"name\":\"See the Big Picture\",\"description\":\"\",\"publisher\":{\"@id\":\"https:\\\/\\\/see-the-big-picture.com\\\/de\\\/#organization\"},\"potentialAction\":[{\"@type\":\"SearchAction\",\"target\":{\"@type\":\"EntryPoint\",\"urlTemplate\":\"https:\\\/\\\/see-the-big-picture.com\\\/de\\\/?s={search_term_string}\"},\"query-input\":{\"@type\":\"PropertyValueSpecification\",\"valueRequired\":true,\"valueName\":\"search_term_string\"}}],\"inLanguage\":\"de\"},{\"@type\":\"Organization\",\"@id\":\"https:\\\/\\\/see-the-big-picture.com\\\/de\\\/#organization\",\"name\":\"See the Big Picture\",\"url\":\"https:\\\/\\\/see-the-big-picture.com\\\/de\\\/\",\"logo\":{\"@type\":\"ImageObject\",\"inLanguage\":\"de\",\"@id\":\"https:\\\/\\\/see-the-big-picture.com\\\/de\\\/#\\\/schema\\\/logo\\\/image\\\/\",\"url\":\"https:\\\/\\\/i2.wp.com\\\/see-the-big-picture.com\\\/wp-content\\\/uploads\\\/2018\\\/06\\\/STBP_sym.png?fit=424%2C430&ssl=1\",\"contentUrl\":\"https:\\\/\\\/i2.wp.com\\\/see-the-big-picture.com\\\/wp-content\\\/uploads\\\/2018\\\/06\\\/STBP_sym.png?fit=424%2C430&ssl=1\",\"width\":424,\"height\":430,\"caption\":\"See the Big Picture\"},\"image\":{\"@id\":\"https:\\\/\\\/see-the-big-picture.com\\\/de\\\/#\\\/schema\\\/logo\\\/image\\\/\"},\"sameAs\":[\"https:\\\/\\\/www.facebook.com\\\/jointhebigpicture\\\/\",\"https:\\\/\\\/x.com\\\/jointhepicture\",\"https:\\\/\\\/www.instagram.com\\\/jointhebigpicture\\\/\"]}]}<\/script>\n<!-- \/ Yoast SEO plugin. -->","yoast_head_json":{"title":"See the Big Picture - Newsletter","description":"Bleibe mit unserem Newsletter auf dem Laufenden und geh\u00f6re zu den Ersten, die neue Mitglieder in der Community von See the Big Picture begr\u00fc\u00dfen k\u00f6nnen. Melde dich jetzt an.","robots":{"index":"index","follow":"follow","max-snippet":"max-snippet:-1","max-image-preview":"max-image-preview:large","max-video-preview":"max-video-preview:-1"},"canonical":"https:\/\/see-the-big-picture.com\/de\/newsletter\/","og_locale":"de_DE","og_type":"article","og_title":"See the Big Picture - Newsletter","og_description":"Bleibe mit unserem Newsletter auf dem Laufenden und geh\u00f6re zu den Ersten, die neue Mitglieder in der Community von See the Big Picture begr\u00fc\u00dfen k\u00f6nnen. Melde dich jetzt an.","og_url":"https:\/\/see-the-big-picture.com\/de\/newsletter\/","og_site_name":"See the Big Picture","article_publisher":"https:\/\/www.facebook.com\/jointhebigpicture\/","article_modified_time":"2021-06-17T11:00:52+00:00","og_image":[{"url":"https:\/\/see-the-big-picture.com\/wp-content\/uploads\/see_the_big_picture_newsletter_web.jpg","type":"","width":"","height":""}],"twitter_card":"summary_large_image","twitter_title":"See the Big Picture - Newsletter","twitter_description":"Bleibe mit unserem Newsletter auf dem Laufenden und geh\u00f6re zu den Ersten, die neue Mitglieder in der Community von See the Big Picture begr\u00fc\u00dfen k\u00f6nnen. Melde dich jetzt an.","twitter_image":"https:\/\/see-the-big-picture.com\/wp-content\/uploads\/see_the_big_picture_newsletter_web.jpg","twitter_site":"@jointhepicture","twitter_misc":{"Gesch\u00e4tzte Lesezeit":"1\u00a0Minute"},"schema":{"@context":"https:\/\/schema.org","@graph":[{"@type":"WebPage","@id":"https:\/\/see-the-big-picture.com\/de\/newsletter\/","url":"https:\/\/see-the-big-picture.com\/de\/newsletter\/","name":"See the Big Picture - Newsletter","isPartOf":{"@id":"https:\/\/see-the-big-picture.com\/de\/#website"},"primaryImageOfPage":{"@id":"https:\/\/see-the-big-picture.com\/de\/newsletter\/#primaryimage"},"image":{"@id":"https:\/\/see-the-big-picture.com\/de\/newsletter\/#primaryimage"},"thumbnailUrl":"https:\/\/see-the-big-picture.com\/wp-content\/uploads\/see_the_big_picture_newsletter_web.jpg","datePublished":"2021-06-17T05:46:38+00:00","dateModified":"2021-06-17T11:00:52+00:00","description":"Bleibe mit unserem Newsletter auf dem Laufenden und geh\u00f6re zu den Ersten, die neue Mitglieder in der Community von See the Big Picture begr\u00fc\u00dfen k\u00f6nnen. Melde dich jetzt an.","breadcrumb":{"@id":"https:\/\/see-the-big-picture.com\/de\/newsletter\/#breadcrumb"},"inLanguage":"de","potentialAction":[{"@type":"ReadAction","target":["https:\/\/see-the-big-picture.com\/de\/newsletter\/"]}]},{"@type":"ImageObject","inLanguage":"de","@id":"https:\/\/see-the-big-picture.com\/de\/newsletter\/#primaryimage","url":"https:\/\/see-the-big-picture.com\/wp-content\/uploads\/see_the_big_picture_newsletter_web.jpg","contentUrl":"https:\/\/see-the-big-picture.com\/wp-content\/uploads\/see_the_big_picture_newsletter_web.jpg","width":1366,"height":768},{"@type":"BreadcrumbList","@id":"https:\/\/see-the-big-picture.com\/de\/newsletter\/#breadcrumb","itemListElement":[{"@type":"ListItem","position":1,"name":"Home","item":"https:\/\/see-the-big-picture.com\/de\/home-2\/"},{"@type":"ListItem","position":2,"name":"Newsletter"}]},{"@type":"WebSite","@id":"https:\/\/see-the-big-picture.com\/de\/#website","url":"https:\/\/see-the-big-picture.com\/de\/","name":"See the Big Picture","description":"","publisher":{"@id":"https:\/\/see-the-big-picture.com\/de\/#organization"},"potentialAction":[{"@type":"SearchAction","target":{"@type":"EntryPoint","urlTemplate":"https:\/\/see-the-big-picture.com\/de\/?s={search_term_string}"},"query-input":{"@type":"PropertyValueSpecification","valueRequired":true,"valueName":"search_term_string"}}],"inLanguage":"de"},{"@type":"Organization","@id":"https:\/\/see-the-big-picture.com\/de\/#organization","name":"See the Big Picture","url":"https:\/\/see-the-big-picture.com\/de\/","logo":{"@type":"ImageObject","inLanguage":"de","@id":"https:\/\/see-the-big-picture.com\/de\/#\/schema\/logo\/image\/","url":"https:\/\/i2.wp.com\/see-the-big-picture.com\/wp-content\/uploads\/2018\/06\/STBP_sym.png?fit=424%2C430&ssl=1","contentUrl":"https:\/\/i2.wp.com\/see-the-big-picture.com\/wp-content\/uploads\/2018\/06\/STBP_sym.png?fit=424%2C430&ssl=1","width":424,"height":430,"caption":"See the Big Picture"},"image":{"@id":"https:\/\/see-the-big-picture.com\/de\/#\/schema\/logo\/image\/"},"sameAs":["https:\/\/www.facebook.com\/jointhebigpicture\/","https:\/\/x.com\/jointhepicture","https:\/\/www.instagram.com\/jointhebigpicture\/"]}]}},"campaignId":"","jetpack_sharing_enabled":true,"_links":{"self":[{"href":"https:\/\/see-the-big-picture.com\/de\/wp-json\/wp\/v2\/pages\/8370","targetHints":{"allow":["GET"]}}],"collection":[{"href":"https:\/\/see-the-big-picture.com\/de\/wp-json\/wp\/v2\/pages"}],"about":[{"href":"https:\/\/see-the-big-picture.com\/de\/wp-json\/wp\/v2\/types\/page"}],"author":[{"embeddable":true,"href":"https:\/\/see-the-big-picture.com\/de\/wp-json\/wp\/v2\/users\/1"}],"replies":[{"embeddable":true,"href":"https:\/\/see-the-big-picture.com\/de\/wp-json\/wp\/v2\/comments?post=8370"}],"version-history":[{"count":9,"href":"https:\/\/see-the-big-picture.com\/de\/wp-json\/wp\/v2\/pages\/8370\/revisions"}],"predecessor-version":[{"id":8916,"href":"https:\/\/see-the-big-picture.com\/de\/wp-json\/wp\/v2\/pages\/8370\/revisions\/8916"}],"wp:featuredmedia":[{"embeddable":true,"href":"https:\/\/see-the-big-picture.com\/de\/wp-json\/wp\/v2\/media\/8344"}],"wp:attachment":[{"href":"https:\/\/see-the-big-picture.com\/de\/wp-json\/wp\/v2\/media?parent=8370"}],"curies":[{"name":"wp","href":"https:\/\/api.w.org\/{rel}","templated":true}]}}