{"id":8025,"date":"2021-06-17T06:46:06","date_gmt":"2021-06-17T05:46:06","guid":{"rendered":"https:\/\/see-the-big-picture.com\/?page_id=8025"},"modified":"2021-06-17T11:21:56","modified_gmt":"2021-06-17T10:21:56","slug":"mehr-als-ein-logo","status":"publish","type":"page","link":"https:\/\/see-the-big-picture.com\/de\/mehr-als-ein-logo\/","title":{"rendered":"Mehr als ein Logo"},"content":{"rendered":"\t\t<div data-elementor-type=\"wp-page\" data-elementor-id=\"8025\" class=\"elementor elementor-8025 elementor-8014\">\n\t\t\t\t\t\t<section class=\"elementor-section elementor-top-section elementor-element elementor-element-8138ea1 elementor-section-boxed elementor-section-height-default elementor-section-height-default\" data-id=\"8138ea1\" data-element_type=\"section\" data-e-type=\"section\">\n\t\t\t\t\t\t<div class=\"elementor-container elementor-column-gap-default\">\n\t\t\t\t\t<div class=\"elementor-column elementor-col-100 elementor-top-column elementor-element elementor-element-9d823b0\" data-id=\"9d823b0\" data-element_type=\"column\" data-e-type=\"column\">\n\t\t\t<div class=\"elementor-widget-wrap elementor-element-populated\">\n\t\t\t\t\t\t<div class=\"elementor-element elementor-element-0007520 elementor-widget elementor-widget-heading\" data-id=\"0007520\" data-element_type=\"widget\" data-e-type=\"widget\" data-widget_type=\"heading.default\">\n\t\t\t\t<div class=\"elementor-widget-container\">\n\t\t\t\t\t<h6 class=\"elementor-heading-title elementor-size-default\">Mehr als ein Logo<\/h6>\t\t\t\t<\/div>\n\t\t\t\t<\/div>\n\t\t\t\t\t<\/div>\n\t\t<\/div>\n\t\t\t\t\t<\/div>\n\t\t<\/section>\n\t\t\t\t<section class=\"elementor-section elementor-top-section elementor-element elementor-element-addc7b1 elementor-section-boxed elementor-section-height-default elementor-section-height-default\" data-id=\"addc7b1\" data-element_type=\"section\" data-e-type=\"section\">\n\t\t\t\t\t\t<div class=\"elementor-container elementor-column-gap-default\">\n\t\t\t\t\t<div class=\"elementor-column elementor-col-100 elementor-top-column elementor-element elementor-element-988f2c4\" data-id=\"988f2c4\" data-element_type=\"column\" data-e-type=\"column\">\n\t\t\t<div class=\"elementor-widget-wrap elementor-element-populated\">\n\t\t\t\t\t\t<div class=\"elementor-element elementor-element-7607407 elementor-widget elementor-widget-heading\" data-id=\"7607407\" data-element_type=\"widget\" data-e-type=\"widget\" data-widget_type=\"heading.default\">\n\t\t\t\t<div class=\"elementor-widget-container\">\n\t\t\t\t\t<h5 class=\"elementor-heading-title elementor-size-default\">Unser Botschafter f\u00fcr Kunst &amp; Frieden<\/h5>\t\t\t\t<\/div>\n\t\t\t\t<\/div>\n\t\t\t\t<div class=\"elementor-element elementor-element-6e16490 elementor-widget elementor-widget-spacer\" data-id=\"6e16490\" data-element_type=\"widget\" data-e-type=\"widget\" data-widget_type=\"spacer.default\">\n\t\t\t\t<div class=\"elementor-widget-container\">\n\t\t\t\t\t\t\t<div class=\"elementor-spacer\">\n\t\t\t<div class=\"elementor-spacer-inner\"><\/div>\n\t\t<\/div>\n\t\t\t\t\t\t<\/div>\n\t\t\t\t<\/div>\n\t\t\t\t\t<\/div>\n\t\t<\/div>\n\t\t\t\t\t<\/div>\n\t\t<\/section>\n\t\t\t\t<section class=\"elementor-section elementor-top-section elementor-element elementor-element-4325c88 elementor-section-boxed elementor-section-height-default elementor-section-height-default\" data-id=\"4325c88\" data-element_type=\"section\" data-e-type=\"section\">\n\t\t\t\t\t\t<div class=\"elementor-container elementor-column-gap-default\">\n\t\t\t\t\t<div class=\"elementor-column elementor-col-50 elementor-top-column elementor-element elementor-element-34cbff0\" data-id=\"34cbff0\" data-element_type=\"column\" data-e-type=\"column\">\n\t\t\t<div class=\"elementor-widget-wrap elementor-element-populated\">\n\t\t\t\t\t\t<div class=\"elementor-element elementor-element-b0fbac1 elementor-widget elementor-widget-image\" data-id=\"b0fbac1\" data-element_type=\"widget\" data-e-type=\"widget\" data-widget_type=\"image.default\">\n\t\t\t\t<div class=\"elementor-widget-container\">\n\t\t\t\t\t\t\t\t\t\t\t\t\t\t\t\t<a href=\"https:\/\/see-the-big-picture.com\/wp-content\/uploads\/see_the_big_picture_symbol_website.jpg\" data-elementor-open-lightbox=\"yes\" data-elementor-lightbox-title=\"Logo - designed by Abraham Batzin Navichok\" data-e-action-hash=\"#elementor-action%3Aaction%3Dlightbox%26settings%3DeyJpZCI6NzMyNSwidXJsIjoiaHR0cHM6XC9cL3NlZS10aGUtYmlnLXBpY3R1cmUuY29tXC93cC1jb250ZW50XC91cGxvYWRzXC9zZWVfdGhlX2JpZ19waWN0dXJlX3N5bWJvbF93ZWJzaXRlLmpwZyJ9\">\n\t\t\t\t\t\t\t<img fetchpriority=\"high\" decoding=\"async\" width=\"768\" height=\"614\" src=\"https:\/\/see-the-big-picture.com\/wp-content\/uploads\/see_the_big_picture_symbol_website-768x614.jpg\" class=\"elementor-animation-grow attachment-medium_large size-medium_large wp-image-7325\" alt=\"\" srcset=\"https:\/\/see-the-big-picture.com\/wp-content\/uploads\/see_the_big_picture_symbol_website-768x614.jpg 768w, https:\/\/see-the-big-picture.com\/wp-content\/uploads\/see_the_big_picture_symbol_website-300x240.jpg 300w, https:\/\/see-the-big-picture.com\/wp-content\/uploads\/see_the_big_picture_symbol_website-1024x819.jpg 1024w, https:\/\/see-the-big-picture.com\/wp-content\/uploads\/see_the_big_picture_symbol_website.jpg 1500w\" sizes=\"(max-width: 768px) 100vw, 768px\" \/>\t\t\t\t\t\t\t\t<\/a>\n\t\t\t\t\t\t\t\t\t\t\t\t\t\t\t<\/div>\n\t\t\t\t<\/div>\n\t\t\t\t\t<\/div>\n\t\t<\/div>\n\t\t\t\t<div class=\"elementor-column elementor-col-50 elementor-top-column elementor-element elementor-element-1833c02\" data-id=\"1833c02\" data-element_type=\"column\" data-e-type=\"column\">\n\t\t\t<div class=\"elementor-widget-wrap elementor-element-populated\">\n\t\t\t\t\t\t<div class=\"elementor-element elementor-element-788486d elementor-widget elementor-widget-text-editor\" data-id=\"788486d\" data-element_type=\"widget\" data-e-type=\"widget\" data-widget_type=\"text-editor.default\">\n\t\t\t\t<div class=\"elementor-widget-container\">\n\t\t\t\t\t\t\t\t\t<p>Abraham Batzin Navichoc aus Guatemala war 2015 der erste K\u00fcnstler, der f\u00fcr See the Big Picture gemalt hat. Sein Gem\u00e4lde zeigt eine alte Frau, die bunten Stoff nach traditioneller Art der Maya webt; es scheint, als w\u00fcrde sie der Anblick der leuchtenden V\u00f6gel erheitern, die w\u00e4hrend sie webt, um sie herum fliegen. Wir haben uns dazu entschlossen, einen dieser schelmischen V\u00f6gel f\u00fcr unser Logo zu nutzen. Er soll unser Botschafter f\u00fcr Kunst &amp; Frieden sein, da er endlos umherschweift.<\/p>\n<p>In einfachem Schwarz und Wei\u00df gehalten, l\u00e4dt unser Logo dazu ein, es mit den Farben Deiner Wahl auszuf\u00fcllen. Genau wie wir bestimmen, mit welchen Farben wir unser eigenes Leben gestalten. Wir alle entscheiden, wie viel wir in unsere gelegentlich eint\u00f6nige Gesellschaft stecken, wir wissen, dass wir alle verantwortlich sind, Ver\u00e4nderung und Vielfalt in unserer Umgebung zu erzeugen. Schwarz und Wei\u00df sind eindimensional. Ihre Grenzen sind starr. W\u00e4hrend Farben flie\u00dfen, sich mischen und neue M\u00f6glichkeiten kreieren. Unser Logo ist eine Einladung an Dich, Grenzen von Ethnie, Glaube und Nationalit\u00e4t zu \u00fcberwinden. Um ein gro\u00dfes Bild dieser Welt zu zeichnen, die wir unser Zuhause nennen.<\/p>\n\t\t\t\t\t\t\t\t<\/div>\n\t\t\t\t<\/div>\n\t\t\t\t\t<\/div>\n\t\t<\/div>\n\t\t\t\t\t<\/div>\n\t\t<\/section>\n\t\t\t\t<\/div>\n\t\t","protected":false},"excerpt":{"rendered":"<p>Mehr als ein Logo Unser Botschafter f\u00fcr Kunst &#038; Frieden Abraham Batzin Navichoc aus Guatemala war 2015 der erste K\u00fcnstler, der f\u00fcr See the Big Picture gemalt hat. Sein Gem\u00e4lde zeigt eine alte Frau, die bunten Stoff nach traditioneller Art der Maya webt; es scheint, als w\u00fcrde sie der Anblick der leuchtenden V\u00f6gel erheitern, die [&hellip;]<\/p>\n","protected":false},"author":1,"featured_media":7325,"parent":0,"menu_order":0,"comment_status":"closed","ping_status":"closed","template":"","meta":{"give_campaign_id":0,"footnotes":""},"class_list":["post-8025","page","type-page","status-publish","has-post-thumbnail","hentry"],"yoast_head":"<!-- This site is optimized with the Yoast SEO plugin v27.4 - https:\/\/yoast.com\/product\/yoast-seo-wordpress\/ -->\n<title>See the Big Picture - Mehr als ein Logo<\/title>\n<meta name=\"description\" content=\"Das Logo von See the Big Picture f\u00e4ngt die Essenz des Projektes ein und l\u00e4dt dazu ein, aufzubrechen. Lasst uns gemeinsam auf diese Reise gehen.\" \/>\n<meta name=\"robots\" content=\"index, follow, max-snippet:-1, max-image-preview:large, max-video-preview:-1\" \/>\n<link rel=\"canonical\" href=\"https:\/\/see-the-big-picture.com\/de\/mehr-als-ein-logo\/\" \/>\n<meta property=\"og:locale\" content=\"de_DE\" \/>\n<meta property=\"og:type\" content=\"article\" \/>\n<meta property=\"og:title\" content=\"See the Big Picture - Mehr als ein Logo\" \/>\n<meta property=\"og:description\" content=\"Das Logo von See the Big Picture f\u00e4ngt die Essenz des Projektes ein und l\u00e4dt dazu ein, aufzubrechen. Lasst uns gemeinsam auf diese Reise gehen.\" \/>\n<meta property=\"og:url\" content=\"https:\/\/see-the-big-picture.com\/de\/mehr-als-ein-logo\/\" \/>\n<meta property=\"og:site_name\" content=\"See the Big Picture\" \/>\n<meta property=\"article:publisher\" content=\"https:\/\/www.facebook.com\/jointhebigpicture\/\" \/>\n<meta property=\"article:modified_time\" content=\"2021-06-17T10:21:56+00:00\" \/>\n<meta property=\"og:image\" content=\"https:\/\/see-the-big-picture.com\/wp-content\/uploads\/see_the_big_picture_symbol_web.jpg\" \/>\n<meta name=\"twitter:card\" content=\"summary_large_image\" \/>\n<meta name=\"twitter:title\" content=\"See the Big Picture - Mehr als ein Logo\" \/>\n<meta name=\"twitter:description\" content=\"Das Logo von See the Big Picture f\u00e4ngt die Essenz des Projektes ein und l\u00e4dt dazu ein, aufzubrechen. Lasst uns gemeinsam auf diese Reise gehen.\" \/>\n<meta name=\"twitter:image\" content=\"https:\/\/see-the-big-picture.com\/wp-content\/uploads\/see_the_big_picture_symbol_web.jpg\" \/>\n<meta name=\"twitter:site\" content=\"@jointhepicture\" \/>\n<meta name=\"twitter:label1\" content=\"Gesch\u00e4tzte Lesezeit\" \/>\n\t<meta name=\"twitter:data1\" content=\"2\u00a0Minuten\" \/>\n<script type=\"application\/ld+json\" class=\"yoast-schema-graph\">{\"@context\":\"https:\\\/\\\/schema.org\",\"@graph\":[{\"@type\":\"WebPage\",\"@id\":\"https:\\\/\\\/see-the-big-picture.com\\\/de\\\/mehr-als-ein-logo\\\/\",\"url\":\"https:\\\/\\\/see-the-big-picture.com\\\/de\\\/mehr-als-ein-logo\\\/\",\"name\":\"See the Big Picture - Mehr als ein Logo\",\"isPartOf\":{\"@id\":\"https:\\\/\\\/see-the-big-picture.com\\\/de\\\/#website\"},\"primaryImageOfPage\":{\"@id\":\"https:\\\/\\\/see-the-big-picture.com\\\/de\\\/mehr-als-ein-logo\\\/#primaryimage\"},\"image\":{\"@id\":\"https:\\\/\\\/see-the-big-picture.com\\\/de\\\/mehr-als-ein-logo\\\/#primaryimage\"},\"thumbnailUrl\":\"https:\\\/\\\/see-the-big-picture.com\\\/wp-content\\\/uploads\\\/see_the_big_picture_symbol_website.jpg\",\"datePublished\":\"2021-06-17T05:46:06+00:00\",\"dateModified\":\"2021-06-17T10:21:56+00:00\",\"description\":\"Das Logo von See the Big Picture f\u00e4ngt die Essenz des Projektes ein und l\u00e4dt dazu ein, aufzubrechen. Lasst uns gemeinsam auf diese Reise gehen.\",\"breadcrumb\":{\"@id\":\"https:\\\/\\\/see-the-big-picture.com\\\/de\\\/mehr-als-ein-logo\\\/#breadcrumb\"},\"inLanguage\":\"de\",\"potentialAction\":[{\"@type\":\"ReadAction\",\"target\":[\"https:\\\/\\\/see-the-big-picture.com\\\/de\\\/mehr-als-ein-logo\\\/\"]}]},{\"@type\":\"ImageObject\",\"inLanguage\":\"de\",\"@id\":\"https:\\\/\\\/see-the-big-picture.com\\\/de\\\/mehr-als-ein-logo\\\/#primaryimage\",\"url\":\"https:\\\/\\\/see-the-big-picture.com\\\/wp-content\\\/uploads\\\/see_the_big_picture_symbol_website.jpg\",\"contentUrl\":\"https:\\\/\\\/see-the-big-picture.com\\\/wp-content\\\/uploads\\\/see_the_big_picture_symbol_website.jpg\",\"width\":1500,\"height\":1200},{\"@type\":\"BreadcrumbList\",\"@id\":\"https:\\\/\\\/see-the-big-picture.com\\\/de\\\/mehr-als-ein-logo\\\/#breadcrumb\",\"itemListElement\":[{\"@type\":\"ListItem\",\"position\":1,\"name\":\"Home\",\"item\":\"https:\\\/\\\/see-the-big-picture.com\\\/de\\\/home-2\\\/\"},{\"@type\":\"ListItem\",\"position\":2,\"name\":\"Mehr als ein Logo\"}]},{\"@type\":\"WebSite\",\"@id\":\"https:\\\/\\\/see-the-big-picture.com\\\/de\\\/#website\",\"url\":\"https:\\\/\\\/see-the-big-picture.com\\\/de\\\/\",\"name\":\"See the Big Picture\",\"description\":\"\",\"publisher\":{\"@id\":\"https:\\\/\\\/see-the-big-picture.com\\\/de\\\/#organization\"},\"potentialAction\":[{\"@type\":\"SearchAction\",\"target\":{\"@type\":\"EntryPoint\",\"urlTemplate\":\"https:\\\/\\\/see-the-big-picture.com\\\/de\\\/?s={search_term_string}\"},\"query-input\":{\"@type\":\"PropertyValueSpecification\",\"valueRequired\":true,\"valueName\":\"search_term_string\"}}],\"inLanguage\":\"de\"},{\"@type\":\"Organization\",\"@id\":\"https:\\\/\\\/see-the-big-picture.com\\\/de\\\/#organization\",\"name\":\"See the Big Picture\",\"url\":\"https:\\\/\\\/see-the-big-picture.com\\\/de\\\/\",\"logo\":{\"@type\":\"ImageObject\",\"inLanguage\":\"de\",\"@id\":\"https:\\\/\\\/see-the-big-picture.com\\\/de\\\/#\\\/schema\\\/logo\\\/image\\\/\",\"url\":\"https:\\\/\\\/i2.wp.com\\\/see-the-big-picture.com\\\/wp-content\\\/uploads\\\/2018\\\/06\\\/STBP_sym.png?fit=424%2C430&ssl=1\",\"contentUrl\":\"https:\\\/\\\/i2.wp.com\\\/see-the-big-picture.com\\\/wp-content\\\/uploads\\\/2018\\\/06\\\/STBP_sym.png?fit=424%2C430&ssl=1\",\"width\":424,\"height\":430,\"caption\":\"See the Big Picture\"},\"image\":{\"@id\":\"https:\\\/\\\/see-the-big-picture.com\\\/de\\\/#\\\/schema\\\/logo\\\/image\\\/\"},\"sameAs\":[\"https:\\\/\\\/www.facebook.com\\\/jointhebigpicture\\\/\",\"https:\\\/\\\/x.com\\\/jointhepicture\",\"https:\\\/\\\/www.instagram.com\\\/jointhebigpicture\\\/\"]}]}<\/script>\n<!-- \/ Yoast SEO plugin. -->","yoast_head_json":{"title":"See the Big Picture - Mehr als ein Logo","description":"Das Logo von See the Big Picture f\u00e4ngt die Essenz des Projektes ein und l\u00e4dt dazu ein, aufzubrechen. Lasst uns gemeinsam auf diese Reise gehen.","robots":{"index":"index","follow":"follow","max-snippet":"max-snippet:-1","max-image-preview":"max-image-preview:large","max-video-preview":"max-video-preview:-1"},"canonical":"https:\/\/see-the-big-picture.com\/de\/mehr-als-ein-logo\/","og_locale":"de_DE","og_type":"article","og_title":"See the Big Picture - Mehr als ein Logo","og_description":"Das Logo von See the Big Picture f\u00e4ngt die Essenz des Projektes ein und l\u00e4dt dazu ein, aufzubrechen. Lasst uns gemeinsam auf diese Reise gehen.","og_url":"https:\/\/see-the-big-picture.com\/de\/mehr-als-ein-logo\/","og_site_name":"See the Big Picture","article_publisher":"https:\/\/www.facebook.com\/jointhebigpicture\/","article_modified_time":"2021-06-17T10:21:56+00:00","og_image":[{"url":"https:\/\/see-the-big-picture.com\/wp-content\/uploads\/see_the_big_picture_symbol_web.jpg","type":"","width":"","height":""}],"twitter_card":"summary_large_image","twitter_title":"See the Big Picture - Mehr als ein Logo","twitter_description":"Das Logo von See the Big Picture f\u00e4ngt die Essenz des Projektes ein und l\u00e4dt dazu ein, aufzubrechen. Lasst uns gemeinsam auf diese Reise gehen.","twitter_image":"https:\/\/see-the-big-picture.com\/wp-content\/uploads\/see_the_big_picture_symbol_web.jpg","twitter_site":"@jointhepicture","twitter_misc":{"Gesch\u00e4tzte Lesezeit":"2\u00a0Minuten"},"schema":{"@context":"https:\/\/schema.org","@graph":[{"@type":"WebPage","@id":"https:\/\/see-the-big-picture.com\/de\/mehr-als-ein-logo\/","url":"https:\/\/see-the-big-picture.com\/de\/mehr-als-ein-logo\/","name":"See the Big Picture - Mehr als ein Logo","isPartOf":{"@id":"https:\/\/see-the-big-picture.com\/de\/#website"},"primaryImageOfPage":{"@id":"https:\/\/see-the-big-picture.com\/de\/mehr-als-ein-logo\/#primaryimage"},"image":{"@id":"https:\/\/see-the-big-picture.com\/de\/mehr-als-ein-logo\/#primaryimage"},"thumbnailUrl":"https:\/\/see-the-big-picture.com\/wp-content\/uploads\/see_the_big_picture_symbol_website.jpg","datePublished":"2021-06-17T05:46:06+00:00","dateModified":"2021-06-17T10:21:56+00:00","description":"Das Logo von See the Big Picture f\u00e4ngt die Essenz des Projektes ein und l\u00e4dt dazu ein, aufzubrechen. Lasst uns gemeinsam auf diese Reise gehen.","breadcrumb":{"@id":"https:\/\/see-the-big-picture.com\/de\/mehr-als-ein-logo\/#breadcrumb"},"inLanguage":"de","potentialAction":[{"@type":"ReadAction","target":["https:\/\/see-the-big-picture.com\/de\/mehr-als-ein-logo\/"]}]},{"@type":"ImageObject","inLanguage":"de","@id":"https:\/\/see-the-big-picture.com\/de\/mehr-als-ein-logo\/#primaryimage","url":"https:\/\/see-the-big-picture.com\/wp-content\/uploads\/see_the_big_picture_symbol_website.jpg","contentUrl":"https:\/\/see-the-big-picture.com\/wp-content\/uploads\/see_the_big_picture_symbol_website.jpg","width":1500,"height":1200},{"@type":"BreadcrumbList","@id":"https:\/\/see-the-big-picture.com\/de\/mehr-als-ein-logo\/#breadcrumb","itemListElement":[{"@type":"ListItem","position":1,"name":"Home","item":"https:\/\/see-the-big-picture.com\/de\/home-2\/"},{"@type":"ListItem","position":2,"name":"Mehr als ein Logo"}]},{"@type":"WebSite","@id":"https:\/\/see-the-big-picture.com\/de\/#website","url":"https:\/\/see-the-big-picture.com\/de\/","name":"See the Big Picture","description":"","publisher":{"@id":"https:\/\/see-the-big-picture.com\/de\/#organization"},"potentialAction":[{"@type":"SearchAction","target":{"@type":"EntryPoint","urlTemplate":"https:\/\/see-the-big-picture.com\/de\/?s={search_term_string}"},"query-input":{"@type":"PropertyValueSpecification","valueRequired":true,"valueName":"search_term_string"}}],"inLanguage":"de"},{"@type":"Organization","@id":"https:\/\/see-the-big-picture.com\/de\/#organization","name":"See the Big Picture","url":"https:\/\/see-the-big-picture.com\/de\/","logo":{"@type":"ImageObject","inLanguage":"de","@id":"https:\/\/see-the-big-picture.com\/de\/#\/schema\/logo\/image\/","url":"https:\/\/i2.wp.com\/see-the-big-picture.com\/wp-content\/uploads\/2018\/06\/STBP_sym.png?fit=424%2C430&ssl=1","contentUrl":"https:\/\/i2.wp.com\/see-the-big-picture.com\/wp-content\/uploads\/2018\/06\/STBP_sym.png?fit=424%2C430&ssl=1","width":424,"height":430,"caption":"See the Big Picture"},"image":{"@id":"https:\/\/see-the-big-picture.com\/de\/#\/schema\/logo\/image\/"},"sameAs":["https:\/\/www.facebook.com\/jointhebigpicture\/","https:\/\/x.com\/jointhepicture","https:\/\/www.instagram.com\/jointhebigpicture\/"]}]}},"campaignId":"","jetpack_sharing_enabled":true,"_links":{"self":[{"href":"https:\/\/see-the-big-picture.com\/de\/wp-json\/wp\/v2\/pages\/8025","targetHints":{"allow":["GET"]}}],"collection":[{"href":"https:\/\/see-the-big-picture.com\/de\/wp-json\/wp\/v2\/pages"}],"about":[{"href":"https:\/\/see-the-big-picture.com\/de\/wp-json\/wp\/v2\/types\/page"}],"author":[{"embeddable":true,"href":"https:\/\/see-the-big-picture.com\/de\/wp-json\/wp\/v2\/users\/1"}],"replies":[{"embeddable":true,"href":"https:\/\/see-the-big-picture.com\/de\/wp-json\/wp\/v2\/comments?post=8025"}],"version-history":[{"count":8,"href":"https:\/\/see-the-big-picture.com\/de\/wp-json\/wp\/v2\/pages\/8025\/revisions"}],"predecessor-version":[{"id":8870,"href":"https:\/\/see-the-big-picture.com\/de\/wp-json\/wp\/v2\/pages\/8025\/revisions\/8870"}],"wp:featuredmedia":[{"embeddable":true,"href":"https:\/\/see-the-big-picture.com\/de\/wp-json\/wp\/v2\/media\/7325"}],"wp:attachment":[{"href":"https:\/\/see-the-big-picture.com\/de\/wp-json\/wp\/v2\/media?parent=8025"}],"curies":[{"name":"wp","href":"https:\/\/api.w.org\/{rel}","templated":true}]}}