{"id":7780,"date":"2021-06-17T06:41:37","date_gmt":"2021-06-17T05:41:37","guid":{"rendered":"https:\/\/see-the-big-picture.com\/?page_id=7780"},"modified":"2022-12-01T13:47:59","modified_gmt":"2022-12-01T12:47:59","slug":"kontakt","status":"publish","type":"page","link":"https:\/\/see-the-big-picture.com\/de\/kontakt\/","title":{"rendered":"Kontakt"},"content":{"rendered":"\t\t<div data-elementor-type=\"wp-page\" data-elementor-id=\"7780\" class=\"elementor elementor-7780 elementor-6911\">\n\t\t\t\t\t\t<section class=\"elementor-section elementor-top-section elementor-element elementor-element-290902cd elementor-section-content-middle elementor-section-boxed elementor-section-height-default elementor-section-height-default\" data-id=\"290902cd\" data-element_type=\"section\" data-e-type=\"section\">\n\t\t\t\t\t\t<div class=\"elementor-container elementor-column-gap-no\">\n\t\t\t\t\t<div class=\"elementor-column elementor-col-100 elementor-top-column elementor-element elementor-element-4ccda0c6\" data-id=\"4ccda0c6\" data-element_type=\"column\" data-e-type=\"column\">\n\t\t\t<div class=\"elementor-widget-wrap elementor-element-populated\">\n\t\t\t\t\t\t<div class=\"elementor-element elementor-element-6124bba2 elementor-widget elementor-widget-heading\" data-id=\"6124bba2\" data-element_type=\"widget\" data-e-type=\"widget\" data-widget_type=\"heading.default\">\n\t\t\t\t<div class=\"elementor-widget-container\">\n\t\t\t\t\t<h6 class=\"elementor-heading-title elementor-size-default\">Kontakt<\/h6>\t\t\t\t<\/div>\n\t\t\t\t<\/div>\n\t\t\t\t<div class=\"elementor-element elementor-element-7e74b3cb elementor-widget elementor-widget-heading\" data-id=\"7e74b3cb\" data-element_type=\"widget\" data-e-type=\"widget\" data-widget_type=\"heading.default\">\n\t\t\t\t<div class=\"elementor-widget-container\">\n\t\t\t\t\t<h5 class=\"elementor-heading-title elementor-size-default\">Der Beginn eines weltweiten Gespr\u00e4chs<\/h5>\t\t\t\t<\/div>\n\t\t\t\t<\/div>\n\t\t\t\t<div class=\"elementor-element elementor-element-5258d600 elementor-widget elementor-widget-text-editor\" data-id=\"5258d600\" data-element_type=\"widget\" data-e-type=\"widget\" data-widget_type=\"text-editor.default\">\n\t\t\t\t<div class=\"elementor-widget-container\">\n\t\t\t\t\t\t\t\t\t<p>Ob du teilnehmen m\u00f6chtest oder das Projekt auf eine andere Art und Weise unterst\u00fctzen m\u00f6chtest &#8211; hier kommen wir zuallererst zusammen. Stelle deine Fragen, berichte von deinen Ideen und wir k\u00fcmmern uns um dein spezifisches Anliegen.<\/p>\n<p>So einfach geht&#8217;s: Rufe uns an, schreibe uns eine Mail oder nutze das Kontaktformular.\u00a0 Das Team von &#8222;See the Big Picture&#8220; spricht Englisch und Deutsch.<\/p>\n\t\t\t\t\t\t\t\t<\/div>\n\t\t\t\t<\/div>\n\t\t\t\t\t<\/div>\n\t\t<\/div>\n\t\t\t\t\t<\/div>\n\t\t<\/section>\n\t\t\t\t<section class=\"elementor-section elementor-top-section elementor-element elementor-element-394822c4 elementor-section-content-middle elementor-section-boxed elementor-section-height-default elementor-section-height-default\" data-id=\"394822c4\" data-element_type=\"section\" data-e-type=\"section\">\n\t\t\t\t\t\t<div class=\"elementor-container elementor-column-gap-no\">\n\t\t\t\t\t<div class=\"elementor-column elementor-col-100 elementor-top-column elementor-element elementor-element-70ecb534\" data-id=\"70ecb534\" data-element_type=\"column\" data-e-type=\"column\">\n\t\t\t<div class=\"elementor-widget-wrap elementor-element-populated\">\n\t\t\t\t\t\t<section class=\"elementor-section elementor-inner-section elementor-element elementor-element-24f7c569 elementor-section-content-middle elementor-section-boxed elementor-section-height-default elementor-section-height-default\" data-id=\"24f7c569\" data-element_type=\"section\" data-e-type=\"section\">\n\t\t\t\t\t\t<div class=\"elementor-container elementor-column-gap-no\">\n\t\t\t\t\t<div class=\"elementor-column elementor-col-50 elementor-inner-column elementor-element elementor-element-809bfb4\" data-id=\"809bfb4\" data-element_type=\"column\" data-e-type=\"column\">\n\t\t\t<div class=\"elementor-widget-wrap elementor-element-populated\">\n\t\t\t\t\t\t<div class=\"elementor-element elementor-element-1549110e elementor-widget elementor-widget-heading\" data-id=\"1549110e\" data-element_type=\"widget\" data-e-type=\"widget\" data-widget_type=\"heading.default\">\n\t\t\t\t<div class=\"elementor-widget-container\">\n\t\t\t\t\t<h6 class=\"elementor-heading-title elementor-size-default\">Telefon: 0043 660 57 58 700<\/h6>\t\t\t\t<\/div>\n\t\t\t\t<\/div>\n\t\t\t\t<div class=\"elementor-element elementor-element-3c54f255 elementor-widget elementor-widget-heading\" data-id=\"3c54f255\" data-element_type=\"widget\" data-e-type=\"widget\" data-widget_type=\"heading.default\">\n\t\t\t\t<div class=\"elementor-widget-container\">\n\t\t\t\t\t<h6 class=\"elementor-heading-title elementor-size-default\">E-Mail: contact@see-the-big-picture.com<\/h6>\t\t\t\t<\/div>\n\t\t\t\t<\/div>\n\t\t\t\t<div class=\"elementor-element elementor-element-1d716d5 elementor-widget elementor-widget-heading\" data-id=\"1d716d5\" data-element_type=\"widget\" data-e-type=\"widget\" data-widget_type=\"heading.default\">\n\t\t\t\t<div class=\"elementor-widget-container\">\n\t\t\t\t\t<h6 class=\"elementor-heading-title elementor-size-default\">Rossmarkt 6, 8793 Trofaiach, \u00d6sterreich<\/h6>\t\t\t\t<\/div>\n\t\t\t\t<\/div>\n\t\t\t\t<div class=\"elementor-element elementor-element-7c53d5a8 elementor-widget elementor-widget-heading\" data-id=\"7c53d5a8\" data-element_type=\"widget\" data-e-type=\"widget\" data-widget_type=\"heading.default\">\n\t\t\t\t<div class=\"elementor-widget-container\">\n\t\t\t\t\t<h6 class=\"elementor-heading-title elementor-size-default\">MO-FR 09:00 - 12:00<\/h6>\t\t\t\t<\/div>\n\t\t\t\t<\/div>\n\t\t\t\t<div class=\"elementor-element elementor-element-435db76d e-grid-align-left elementor-shape-rounded elementor-grid-0 elementor-widget elementor-widget-social-icons\" data-id=\"435db76d\" data-element_type=\"widget\" data-e-type=\"widget\" data-widget_type=\"social-icons.default\">\n\t\t\t\t<div class=\"elementor-widget-container\">\n\t\t\t\t\t\t\t<div class=\"elementor-social-icons-wrapper elementor-grid\" role=\"list\">\n\t\t\t\t\t\t\t<span class=\"elementor-grid-item\" role=\"listitem\">\n\t\t\t\t\t<a class=\"elementor-icon elementor-social-icon elementor-social-icon-facebook-f elementor-animation-grow elementor-repeater-item-2d0da0c\" target=\"_blank\">\n\t\t\t\t\t\t<span class=\"elementor-screen-only\">Facebook-f<\/span>\n\t\t\t\t\t\t<i aria-hidden=\"true\" class=\"fab fa-facebook-f\"><\/i>\t\t\t\t\t<\/a>\n\t\t\t\t<\/span>\n\t\t\t\t\t\t\t<span class=\"elementor-grid-item\" role=\"listitem\">\n\t\t\t\t\t<a class=\"elementor-icon elementor-social-icon elementor-social-icon-instagram elementor-animation-grow elementor-repeater-item-5dbe084\" target=\"_blank\">\n\t\t\t\t\t\t<span class=\"elementor-screen-only\">Instagram<\/span>\n\t\t\t\t\t\t<i aria-hidden=\"true\" class=\"fab fa-instagram\"><\/i>\t\t\t\t\t<\/a>\n\t\t\t\t<\/span>\n\t\t\t\t\t<\/div>\n\t\t\t\t\t\t<\/div>\n\t\t\t\t<\/div>\n\t\t\t\t\t<\/div>\n\t\t<\/div>\n\t\t\t\t<div class=\"elementor-column elementor-col-50 elementor-inner-column elementor-element elementor-element-1b8c4352\" data-id=\"1b8c4352\" data-element_type=\"column\" data-e-type=\"column\">\n\t\t\t<div class=\"elementor-widget-wrap elementor-element-populated\">\n\t\t\t\t\t\t<div class=\"elementor-element elementor-element-73133f99 elementor-button-align-start elementor-mobile-button-align-center elementor-widget elementor-widget-form\" data-id=\"73133f99\" data-element_type=\"widget\" data-e-type=\"widget\" data-settings=\"{&quot;step_next_label&quot;:&quot;Next&quot;,&quot;step_previous_label&quot;:&quot;Previous&quot;,&quot;button_width&quot;:&quot;100&quot;,&quot;step_type&quot;:&quot;number_text&quot;,&quot;step_icon_shape&quot;:&quot;circle&quot;}\" data-widget_type=\"form.default\">\n\t\t\t\t<div class=\"elementor-widget-container\">\n\t\t\t\t\t\t\t<form class=\"elementor-form\" method=\"post\" name=\"Neues Formular\">\n\t\t\t<input type=\"hidden\" name=\"post_id\" value=\"7780\"\/>\n\t\t\t<input type=\"hidden\" name=\"form_id\" value=\"73133f99\"\/>\n\t\t\t<input type=\"hidden\" name=\"referer_title\" value=\"See the Big Picture\" \/>\n\n\t\t\t\n\t\t\t<div class=\"elementor-form-fields-wrapper elementor-labels-\">\n\t\t\t\t\t\t\t\t<div class=\"elementor-field-type-text elementor-field-group elementor-column elementor-field-group-name elementor-col-100\">\n\t\t\t\t\t\t\t\t\t\t\t\t<label for=\"form-field-name\" class=\"elementor-field-label elementor-screen-only\">\n\t\t\t\t\t\t\t\tName\t\t\t\t\t\t\t<\/label>\n\t\t\t\t\t\t\t\t\t\t\t\t\t\t<input size=\"1\" type=\"text\" name=\"form_fields[name]\" id=\"form-field-name\" class=\"elementor-field elementor-size-sm  elementor-field-textual\" placeholder=\"Name\">\n\t\t\t\t\t\t\t\t\t\t\t<\/div>\n\t\t\t\t\t\t\t\t<div class=\"elementor-field-type-email elementor-field-group elementor-column elementor-field-group-email elementor-col-100 elementor-field-required\">\n\t\t\t\t\t\t\t\t\t\t\t\t<label for=\"form-field-email\" class=\"elementor-field-label elementor-screen-only\">\n\t\t\t\t\t\t\t\tE-Mail\t\t\t\t\t\t\t<\/label>\n\t\t\t\t\t\t\t\t\t\t\t\t\t\t<input size=\"1\" type=\"email\" name=\"form_fields[email]\" id=\"form-field-email\" class=\"elementor-field elementor-size-sm  elementor-field-textual\" placeholder=\"E-Mail\" required=\"required\" aria-required=\"true\">\n\t\t\t\t\t\t\t\t\t\t\t<\/div>\n\t\t\t\t\t\t\t\t<div class=\"elementor-field-type-textarea elementor-field-group elementor-column elementor-field-group-message elementor-col-100\">\n\t\t\t\t\t\t\t\t\t\t\t\t<label for=\"form-field-message\" class=\"elementor-field-label elementor-screen-only\">\n\t\t\t\t\t\t\t\tNachricht\t\t\t\t\t\t\t<\/label>\n\t\t\t\t\t\t<textarea class=\"elementor-field-textual elementor-field  elementor-size-sm\" name=\"form_fields[message]\" id=\"form-field-message\" rows=\"4\" placeholder=\"Nachricht\"><\/textarea>\t\t\t\t<\/div>\n\t\t\t\t\t\t\t\t<div class=\"elementor-field-type-recaptcha_v3 elementor-field-group elementor-column elementor-field-group-field_3a83158 elementor-col-100 recaptcha_v3-bottomright\">\n\t\t\t\t\t<div class=\"elementor-field\" id=\"form-field-field_3a83158\"><div class=\"elementor-g-recaptcha\" data-sitekey=\"6Ld5SEojAAAAACqlQW5rAmQ25_GUTZfSeShQVXJc\" data-type=\"v3\" data-action=\"Form\" data-badge=\"bottomright\" data-size=\"invisible\"><\/div><\/div>\t\t\t\t<\/div>\n\t\t\t\t\t\t\t\t<div class=\"elementor-field-group elementor-column elementor-field-type-submit elementor-col-100 e-form__buttons\">\n\t\t\t\t\t<button type=\"submit\" class=\"elementor-button elementor-size-sm\">\n\t\t\t\t\t\t<span >\n\t\t\t\t\t\t\t\t\t\t\t\t\t\t\t<span class=\" elementor-button-icon\">\n\t\t\t\t\t\t\t\t\t\t\t\t\t\t\t\t\t\t\t\t\t\t\t\t\t\t<\/span>\n\t\t\t\t\t\t\t\t\t\t\t\t\t\t\t\t\t\t\t\t\t\t<span class=\"elementor-button-text\">Nachricht versenden<\/span>\n\t\t\t\t\t\t\t\t\t\t\t\t\t<\/span>\n\t\t\t\t\t<\/button>\n\t\t\t\t<\/div>\n\t\t\t<\/div>\n\t\t<\/form>\n\t\t\t\t\t\t<\/div>\n\t\t\t\t<\/div>\n\t\t\t\t\t<\/div>\n\t\t<\/div>\n\t\t\t\t\t<\/div>\n\t\t<\/section>\n\t\t\t\t\t<\/div>\n\t\t<\/div>\n\t\t\t\t\t<\/div>\n\t\t<\/section>\n\t\t\t\t<\/div>\n\t\t","protected":false},"excerpt":{"rendered":"<p>Kontakt Der Beginn eines weltweiten Gespr\u00e4chs Ob du teilnehmen m\u00f6chtest oder das Projekt auf eine andere Art und Weise unterst\u00fctzen m\u00f6chtest &#8211; hier kommen wir zuallererst zusammen. Stelle deine Fragen, berichte von deinen Ideen und wir k\u00fcmmern uns um dein spezifisches Anliegen. So einfach geht&#8217;s: Rufe uns an, schreibe uns eine Mail oder nutze das [&hellip;]<\/p>\n","protected":false},"author":1,"featured_media":6929,"parent":0,"menu_order":0,"comment_status":"closed","ping_status":"closed","template":"","meta":{"give_campaign_id":0,"footnotes":""},"class_list":["post-7780","page","type-page","status-publish","has-post-thumbnail","hentry"],"yoast_head":"<!-- This site is optimized with the Yoast SEO plugin v27.4 - https:\/\/yoast.com\/product\/yoast-seo-wordpress\/ -->\n<title>See the Big Picture - Kontakt<\/title>\n<meta name=\"description\" content=\"Sage See the Big Picture hallo. Nimm per Mail, Telefon oder \u00fcber die sozialen Medien Kontakt mit uns auf. Wir melden uns umgehend bei dir und freuen uns \u00fcber dein Interesse.\" \/>\n<meta name=\"robots\" content=\"index, follow, max-snippet:-1, max-image-preview:large, max-video-preview:-1\" \/>\n<link rel=\"canonical\" href=\"https:\/\/see-the-big-picture.com\/de\/kontakt\/\" \/>\n<meta property=\"og:locale\" content=\"de_DE\" \/>\n<meta property=\"og:type\" content=\"article\" \/>\n<meta property=\"og:title\" content=\"See the Big Picture - Kontakt\" \/>\n<meta property=\"og:description\" content=\"Sage See the Big Picture hallo. Nimm per Mail, Telefon oder \u00fcber die sozialen Medien Kontakt mit uns auf. Wir melden uns umgehend bei dir und freuen uns \u00fcber dein Interesse.\" \/>\n<meta property=\"og:url\" content=\"https:\/\/see-the-big-picture.com\/de\/kontakt\/\" \/>\n<meta property=\"og:site_name\" content=\"See the Big Picture\" \/>\n<meta property=\"article:publisher\" content=\"https:\/\/www.facebook.com\/jointhebigpicture\/\" \/>\n<meta property=\"article:modified_time\" content=\"2022-12-01T12:47:59+00:00\" \/>\n<meta property=\"og:image\" content=\"https:\/\/see-the-big-picture.com\/wp-content\/uploads\/Contact-2-web-1.jpg\" \/>\n<meta name=\"twitter:card\" content=\"summary_large_image\" \/>\n<meta name=\"twitter:title\" content=\"See the Big Picture - Kontakt\" \/>\n<meta name=\"twitter:description\" content=\"Sage See the Big Picture hallo. Nimm per Mail, Telefon oder \u00fcber die sozialen Medien Kontakt mit uns auf. Wir melden uns umgehend bei dir und freuen uns \u00fcber dein Interesse.\" \/>\n<meta name=\"twitter:image\" content=\"https:\/\/see-the-big-picture.com\/wp-content\/uploads\/Contact-2-web-1.jpg\" \/>\n<meta name=\"twitter:site\" content=\"@jointhepicture\" \/>\n<meta name=\"twitter:label1\" content=\"Gesch\u00e4tzte Lesezeit\" \/>\n\t<meta name=\"twitter:data1\" content=\"1\u00a0Minute\" \/>\n<script type=\"application\/ld+json\" class=\"yoast-schema-graph\">{\"@context\":\"https:\\\/\\\/schema.org\",\"@graph\":[{\"@type\":\"WebPage\",\"@id\":\"https:\\\/\\\/see-the-big-picture.com\\\/de\\\/kontakt\\\/\",\"url\":\"https:\\\/\\\/see-the-big-picture.com\\\/de\\\/kontakt\\\/\",\"name\":\"See the Big Picture - Kontakt\",\"isPartOf\":{\"@id\":\"https:\\\/\\\/see-the-big-picture.com\\\/de\\\/#website\"},\"primaryImageOfPage\":{\"@id\":\"https:\\\/\\\/see-the-big-picture.com\\\/de\\\/kontakt\\\/#primaryimage\"},\"image\":{\"@id\":\"https:\\\/\\\/see-the-big-picture.com\\\/de\\\/kontakt\\\/#primaryimage\"},\"thumbnailUrl\":\"https:\\\/\\\/see-the-big-picture.com\\\/wp-content\\\/uploads\\\/Contact-2-web-1.jpg\",\"datePublished\":\"2021-06-17T05:41:37+00:00\",\"dateModified\":\"2022-12-01T12:47:59+00:00\",\"description\":\"Sage See the Big Picture hallo. Nimm per Mail, Telefon oder \u00fcber die sozialen Medien Kontakt mit uns auf. Wir melden uns umgehend bei dir und freuen uns \u00fcber dein Interesse.\",\"breadcrumb\":{\"@id\":\"https:\\\/\\\/see-the-big-picture.com\\\/de\\\/kontakt\\\/#breadcrumb\"},\"inLanguage\":\"de\",\"potentialAction\":[{\"@type\":\"ReadAction\",\"target\":[\"https:\\\/\\\/see-the-big-picture.com\\\/de\\\/kontakt\\\/\"]}]},{\"@type\":\"ImageObject\",\"inLanguage\":\"de\",\"@id\":\"https:\\\/\\\/see-the-big-picture.com\\\/de\\\/kontakt\\\/#primaryimage\",\"url\":\"https:\\\/\\\/see-the-big-picture.com\\\/wp-content\\\/uploads\\\/Contact-2-web-1.jpg\",\"contentUrl\":\"https:\\\/\\\/see-the-big-picture.com\\\/wp-content\\\/uploads\\\/Contact-2-web-1.jpg\",\"width\":1366,\"height\":768},{\"@type\":\"BreadcrumbList\",\"@id\":\"https:\\\/\\\/see-the-big-picture.com\\\/de\\\/kontakt\\\/#breadcrumb\",\"itemListElement\":[{\"@type\":\"ListItem\",\"position\":1,\"name\":\"Home\",\"item\":\"https:\\\/\\\/see-the-big-picture.com\\\/de\\\/home-2\\\/\"},{\"@type\":\"ListItem\",\"position\":2,\"name\":\"Kontakt\"}]},{\"@type\":\"WebSite\",\"@id\":\"https:\\\/\\\/see-the-big-picture.com\\\/de\\\/#website\",\"url\":\"https:\\\/\\\/see-the-big-picture.com\\\/de\\\/\",\"name\":\"See the Big Picture\",\"description\":\"\",\"publisher\":{\"@id\":\"https:\\\/\\\/see-the-big-picture.com\\\/de\\\/#organization\"},\"potentialAction\":[{\"@type\":\"SearchAction\",\"target\":{\"@type\":\"EntryPoint\",\"urlTemplate\":\"https:\\\/\\\/see-the-big-picture.com\\\/de\\\/?s={search_term_string}\"},\"query-input\":{\"@type\":\"PropertyValueSpecification\",\"valueRequired\":true,\"valueName\":\"search_term_string\"}}],\"inLanguage\":\"de\"},{\"@type\":\"Organization\",\"@id\":\"https:\\\/\\\/see-the-big-picture.com\\\/de\\\/#organization\",\"name\":\"See the Big Picture\",\"url\":\"https:\\\/\\\/see-the-big-picture.com\\\/de\\\/\",\"logo\":{\"@type\":\"ImageObject\",\"inLanguage\":\"de\",\"@id\":\"https:\\\/\\\/see-the-big-picture.com\\\/de\\\/#\\\/schema\\\/logo\\\/image\\\/\",\"url\":\"https:\\\/\\\/i2.wp.com\\\/see-the-big-picture.com\\\/wp-content\\\/uploads\\\/2018\\\/06\\\/STBP_sym.png?fit=424%2C430&ssl=1\",\"contentUrl\":\"https:\\\/\\\/i2.wp.com\\\/see-the-big-picture.com\\\/wp-content\\\/uploads\\\/2018\\\/06\\\/STBP_sym.png?fit=424%2C430&ssl=1\",\"width\":424,\"height\":430,\"caption\":\"See the Big Picture\"},\"image\":{\"@id\":\"https:\\\/\\\/see-the-big-picture.com\\\/de\\\/#\\\/schema\\\/logo\\\/image\\\/\"},\"sameAs\":[\"https:\\\/\\\/www.facebook.com\\\/jointhebigpicture\\\/\",\"https:\\\/\\\/x.com\\\/jointhepicture\",\"https:\\\/\\\/www.instagram.com\\\/jointhebigpicture\\\/\"]}]}<\/script>\n<!-- \/ Yoast SEO plugin. -->","yoast_head_json":{"title":"See the Big Picture - Kontakt","description":"Sage See the Big Picture hallo. Nimm per Mail, Telefon oder \u00fcber die sozialen Medien Kontakt mit uns auf. Wir melden uns umgehend bei dir und freuen uns \u00fcber dein Interesse.","robots":{"index":"index","follow":"follow","max-snippet":"max-snippet:-1","max-image-preview":"max-image-preview:large","max-video-preview":"max-video-preview:-1"},"canonical":"https:\/\/see-the-big-picture.com\/de\/kontakt\/","og_locale":"de_DE","og_type":"article","og_title":"See the Big Picture - Kontakt","og_description":"Sage See the Big Picture hallo. Nimm per Mail, Telefon oder \u00fcber die sozialen Medien Kontakt mit uns auf. Wir melden uns umgehend bei dir und freuen uns \u00fcber dein Interesse.","og_url":"https:\/\/see-the-big-picture.com\/de\/kontakt\/","og_site_name":"See the Big Picture","article_publisher":"https:\/\/www.facebook.com\/jointhebigpicture\/","article_modified_time":"2022-12-01T12:47:59+00:00","og_image":[{"url":"https:\/\/see-the-big-picture.com\/wp-content\/uploads\/Contact-2-web-1.jpg","type":"","width":"","height":""}],"twitter_card":"summary_large_image","twitter_title":"See the Big Picture - Kontakt","twitter_description":"Sage See the Big Picture hallo. Nimm per Mail, Telefon oder \u00fcber die sozialen Medien Kontakt mit uns auf. Wir melden uns umgehend bei dir und freuen uns \u00fcber dein Interesse.","twitter_image":"https:\/\/see-the-big-picture.com\/wp-content\/uploads\/Contact-2-web-1.jpg","twitter_site":"@jointhepicture","twitter_misc":{"Gesch\u00e4tzte Lesezeit":"1\u00a0Minute"},"schema":{"@context":"https:\/\/schema.org","@graph":[{"@type":"WebPage","@id":"https:\/\/see-the-big-picture.com\/de\/kontakt\/","url":"https:\/\/see-the-big-picture.com\/de\/kontakt\/","name":"See the Big Picture - Kontakt","isPartOf":{"@id":"https:\/\/see-the-big-picture.com\/de\/#website"},"primaryImageOfPage":{"@id":"https:\/\/see-the-big-picture.com\/de\/kontakt\/#primaryimage"},"image":{"@id":"https:\/\/see-the-big-picture.com\/de\/kontakt\/#primaryimage"},"thumbnailUrl":"https:\/\/see-the-big-picture.com\/wp-content\/uploads\/Contact-2-web-1.jpg","datePublished":"2021-06-17T05:41:37+00:00","dateModified":"2022-12-01T12:47:59+00:00","description":"Sage See the Big Picture hallo. Nimm per Mail, Telefon oder \u00fcber die sozialen Medien Kontakt mit uns auf. Wir melden uns umgehend bei dir und freuen uns \u00fcber dein Interesse.","breadcrumb":{"@id":"https:\/\/see-the-big-picture.com\/de\/kontakt\/#breadcrumb"},"inLanguage":"de","potentialAction":[{"@type":"ReadAction","target":["https:\/\/see-the-big-picture.com\/de\/kontakt\/"]}]},{"@type":"ImageObject","inLanguage":"de","@id":"https:\/\/see-the-big-picture.com\/de\/kontakt\/#primaryimage","url":"https:\/\/see-the-big-picture.com\/wp-content\/uploads\/Contact-2-web-1.jpg","contentUrl":"https:\/\/see-the-big-picture.com\/wp-content\/uploads\/Contact-2-web-1.jpg","width":1366,"height":768},{"@type":"BreadcrumbList","@id":"https:\/\/see-the-big-picture.com\/de\/kontakt\/#breadcrumb","itemListElement":[{"@type":"ListItem","position":1,"name":"Home","item":"https:\/\/see-the-big-picture.com\/de\/home-2\/"},{"@type":"ListItem","position":2,"name":"Kontakt"}]},{"@type":"WebSite","@id":"https:\/\/see-the-big-picture.com\/de\/#website","url":"https:\/\/see-the-big-picture.com\/de\/","name":"See the Big Picture","description":"","publisher":{"@id":"https:\/\/see-the-big-picture.com\/de\/#organization"},"potentialAction":[{"@type":"SearchAction","target":{"@type":"EntryPoint","urlTemplate":"https:\/\/see-the-big-picture.com\/de\/?s={search_term_string}"},"query-input":{"@type":"PropertyValueSpecification","valueRequired":true,"valueName":"search_term_string"}}],"inLanguage":"de"},{"@type":"Organization","@id":"https:\/\/see-the-big-picture.com\/de\/#organization","name":"See the Big Picture","url":"https:\/\/see-the-big-picture.com\/de\/","logo":{"@type":"ImageObject","inLanguage":"de","@id":"https:\/\/see-the-big-picture.com\/de\/#\/schema\/logo\/image\/","url":"https:\/\/i2.wp.com\/see-the-big-picture.com\/wp-content\/uploads\/2018\/06\/STBP_sym.png?fit=424%2C430&ssl=1","contentUrl":"https:\/\/i2.wp.com\/see-the-big-picture.com\/wp-content\/uploads\/2018\/06\/STBP_sym.png?fit=424%2C430&ssl=1","width":424,"height":430,"caption":"See the Big Picture"},"image":{"@id":"https:\/\/see-the-big-picture.com\/de\/#\/schema\/logo\/image\/"},"sameAs":["https:\/\/www.facebook.com\/jointhebigpicture\/","https:\/\/x.com\/jointhepicture","https:\/\/www.instagram.com\/jointhebigpicture\/"]}]}},"campaignId":"","jetpack_sharing_enabled":true,"_links":{"self":[{"href":"https:\/\/see-the-big-picture.com\/de\/wp-json\/wp\/v2\/pages\/7780","targetHints":{"allow":["GET"]}}],"collection":[{"href":"https:\/\/see-the-big-picture.com\/de\/wp-json\/wp\/v2\/pages"}],"about":[{"href":"https:\/\/see-the-big-picture.com\/de\/wp-json\/wp\/v2\/types\/page"}],"author":[{"embeddable":true,"href":"https:\/\/see-the-big-picture.com\/de\/wp-json\/wp\/v2\/users\/1"}],"replies":[{"embeddable":true,"href":"https:\/\/see-the-big-picture.com\/de\/wp-json\/wp\/v2\/comments?post=7780"}],"version-history":[{"count":6,"href":"https:\/\/see-the-big-picture.com\/de\/wp-json\/wp\/v2\/pages\/7780\/revisions"}],"predecessor-version":[{"id":11396,"href":"https:\/\/see-the-big-picture.com\/de\/wp-json\/wp\/v2\/pages\/7780\/revisions\/11396"}],"wp:featuredmedia":[{"embeddable":true,"href":"https:\/\/see-the-big-picture.com\/de\/wp-json\/wp\/v2\/media\/6929"}],"wp:attachment":[{"href":"https:\/\/see-the-big-picture.com\/de\/wp-json\/wp\/v2\/media?parent=7780"}],"curies":[{"name":"wp","href":"https:\/\/api.w.org\/{rel}","templated":true}]}}